{"id":273,"date":"2023-05-17T16:58:26","date_gmt":"2023-05-17T19:58:26","guid":{"rendered":"https:\/\/consertrel.com.br\/?page_id=273"},"modified":"2023-05-24T17:55:04","modified_gmt":"2023-05-24T20:55:04","slug":"nossa-equipe","status":"publish","type":"page","link":"https:\/\/consertrel.com.br\/?page_id=273","title":{"rendered":"Nossa Equipe"},"content":{"rendered":"\n<h4 class=\"wp-block-heading has-text-align-center\"><mark style=\"background-color:rgba(0, 0, 0, 0)\" class=\"has-inline-color has-vivid-purple-color\">Nosso atendimento \u00e9 pensando em voc\u00ea!<\/mark><\/h4>\n\n\n\n<p>.<\/p>\n\n\n\n<p>A Consertrel busca implementar no dia a dia, estrat\u00e9gias que atendam as demandas de sua empresa, bem como aux\u00edlio. <br>Nossos profissionais passam por constantes cursos de atualiza\u00e7\u00e3o e treinamentos para oferecerem o melhor em suas fun\u00e7\u00f5es para uma maior satisfa\u00e7\u00e3o do cliente.<br>Para atendermos da melhor forma poss\u00edvel suas necessidades diante da rotina que muitas vezes limita o seu tempo, nossa equipe oferece mais de um\u00a0meio de atendimento. <br><br><strong>Entre em contato conosco!<\/strong><br><br>Ao longo de nossa hist\u00f3ria, estruturamos nosso trabalho e equipe para podermos possibilitar o melhor atendimento personalizado e desta forma, garantindo a satisfa\u00e7\u00e3o de serem nossos clientes.<\/p>\n\n\n\n<h6 class=\"wp-block-heading\">.<\/h6>\n\n\n\n<h6 class=\"wp-block-heading\">Venha fazer parte de nossa Equipe! Trabalhe Conosco!<\/h6>\n\n\n\n<p>\u00c9 s\u00f3 enviar seu CV para: <a href=\"talentos@consertrel.com.br\">talentos@consertrel.com.br<\/a><\/p>\n\n\n\n<p><br>                          <br><\/p>\n","protected":false},"excerpt":{"rendered":"<p>Nosso atendimento \u00e9 pensando em voc\u00ea! . A Consertrel busca implementar no dia a dia, estrat\u00e9gias que atendam as demandas de sua empresa, bem como aux\u00edlio. Nossos profissionais passam por [&hellip;]<\/p>\n","protected":false},"author":1,"featured_media":0,"parent":0,"menu_order":0,"comment_status":"closed","ping_status":"closed","template":"","meta":{"footnotes":""},"class_list":["post-273","page","type-page","status-publish","hentry"],"_links":{"self":[{"href":"https:\/\/consertrel.com.br\/index.php?rest_route=\/wp\/v2\/pages\/273","targetHints":{"allow":["GET"]}}],"collection":[{"href":"https:\/\/consertrel.com.br\/index.php?rest_route=\/wp\/v2\/pages"}],"about":[{"href":"https:\/\/consertrel.com.br\/index.php?rest_route=\/wp\/v2\/types\/page"}],"author":[{"embeddable":true,"href":"https:\/\/consertrel.com.br\/index.php?rest_route=\/wp\/v2\/users\/1"}],"replies":[{"embeddable":true,"href":"https:\/\/consertrel.com.br\/index.php?rest_route=%2Fwp%2Fv2%2Fcomments&post=273"}],"version-history":[{"count":12,"href":"https:\/\/consertrel.com.br\/index.php?rest_route=\/wp\/v2\/pages\/273\/revisions"}],"predecessor-version":[{"id":361,"href":"https:\/\/consertrel.com.br\/index.php?rest_route=\/wp\/v2\/pages\/273\/revisions\/361"}],"wp:attachment":[{"href":"https:\/\/consertrel.com.br\/index.php?rest_route=%2Fwp%2Fv2%2Fmedia&parent=273"}],"curies":[{"name":"wp","href":"https:\/\/api.w.org\/{rel}","templated":true}]}}